{"id":47,"date":"2025-04-25T14:20:42","date_gmt":"2025-04-25T12:20:42","guid":{"rendered":"https:\/\/ginglebelge.be\/?page_id=47"},"modified":"2025-06-02T17:05:25","modified_gmt":"2025-06-02T15:05:25","slug":"contact","status":"publish","type":"page","link":"https:\/\/ginglebelge.be\/index.php\/contact\/","title":{"rendered":"Contact"},"content":{"rendered":"\n<p class=\"has-text-align-center\">Vous souhaitez commander nos produits ou devenir d\u00e9taillant ? Remplissez le formulaire ci-dessous !<\/p>\n\n\n<div class=\"wp-block-jetpack-contact-form\"><a href=\"https:\/\/ginglebelge.be\/index.php\/contact\/\" target=\"_blank\" rel=\"noopener noreferrer\">Soumettre un formulaire.<\/a><\/div>\n\n\n<p class=\"has-text-align-center\">Vous pouvez aussi contacter <a href=\"tel:+32494796715\">Quentin<\/a> ou <a href=\"tel:+32475634262\">Maxime<\/a> par t\u00e9l\u00e9phone !<\/p>\n\n\n\n<ul class=\"wp-block-social-links aligncenter is-layout-flex wp-block-social-links-is-layout-flex\"><li class=\"wp-social-link wp-social-link-facebook  wp-block-social-link\"><a href=\"https:\/\/www.facebook.com\/GingleBelge\" class=\"wp-block-social-link-anchor\"><svg width=\"24\" height=\"24\" viewBox=\"0 0 24 24\" version=\"1.1\" xmlns=\"http:\/\/www.w3.org\/2000\/svg\" aria-hidden=\"true\" focusable=\"false\"><path d=\"M12 2C6.5 2 2 6.5 2 12c0 5 3.7 9.1 8.4 9.9v-7H7.9V12h2.5V9.8c0-2.5 1.5-3.9 3.8-3.9 1.1 0 2.2.2 2.2.2v2.5h-1.3c-1.2 0-1.6.8-1.6 1.6V12h2.8l-.4 2.9h-2.3v7C18.3 21.1 22 17 22 12c0-5.5-4.5-10-10-10z\"><\/path><\/svg><span class=\"wp-block-social-link-label screen-reader-text\">Facebook<\/span><\/a><\/li><\/ul>\n\n\n\n<p><\/p>\n","protected":false},"excerpt":{"rendered":"<p>Vous souhaitez commander nos produits ou devenir d\u00e9taillant ? Remplissez le formulaire ci-dessous ! Vous pouvez aussi contacter Quentin ou Maxime par t\u00e9l\u00e9phone !<\/p>\n","protected":false},"author":1,"featured_media":0,"parent":0,"menu_order":0,"comment_status":"closed","ping_status":"closed","template":"","meta":{"footnotes":""},"class_list":["post-47","page","type-page","status-publish","hentry"],"jetpack_sharing_enabled":true,"_links":{"self":[{"href":"https:\/\/ginglebelge.be\/index.php\/wp-json\/wp\/v2\/pages\/47","targetHints":{"allow":["GET"]}}],"collection":[{"href":"https:\/\/ginglebelge.be\/index.php\/wp-json\/wp\/v2\/pages"}],"about":[{"href":"https:\/\/ginglebelge.be\/index.php\/wp-json\/wp\/v2\/types\/page"}],"author":[{"embeddable":true,"href":"https:\/\/ginglebelge.be\/index.php\/wp-json\/wp\/v2\/users\/1"}],"replies":[{"embeddable":true,"href":"https:\/\/ginglebelge.be\/index.php\/wp-json\/wp\/v2\/comments?post=47"}],"version-history":[{"count":5,"href":"https:\/\/ginglebelge.be\/index.php\/wp-json\/wp\/v2\/pages\/47\/revisions"}],"predecessor-version":[{"id":85,"href":"https:\/\/ginglebelge.be\/index.php\/wp-json\/wp\/v2\/pages\/47\/revisions\/85"}],"wp:attachment":[{"href":"https:\/\/ginglebelge.be\/index.php\/wp-json\/wp\/v2\/media?parent=47"}],"curies":[{"name":"wp","href":"https:\/\/api.w.org\/{rel}","templated":true}]}}